{"id":37,"date":"2018-07-11T17:18:02","date_gmt":"2018-07-11T17:18:02","guid":{"rendered":"https:\/\/www.pricemax.com.mx\/index.php\/materialis\/"},"modified":"2024-10-16T15:11:47","modified_gmt":"2024-10-16T15:11:47","slug":"materialis","status":"publish","type":"page","link":"https:\/\/www.pricemax.com.mx\/","title":{"rendered":"Front Page"},"content":{"rendered":"<!-- wp:extendstudio\/materialis--><div  id=\"overlappable-8\" style=\"background-color: #ffffff; background-image: none;\" data-label=\"Overlappable\" data-id=\"overlappable-5-materialis\" data-export-id=\"overlappable-5-materialis\" data-category=\"overlappable\" class=\"overlappable-5-materialis content-section content-section-spacing-large\" data-overlap=\"true\">\n<div  class=\"gridContainer\">\n<div  data-type=\"row\" class=\"row spaced-cols \">\n<div  class=\"col-sm-6 col-md-4 \">\n<div  class=\"card mdc-elevation--z3 row-card\">\n<div  class=\"row\">\n<div  class=\"col-sm-fit icon-col\"><i  class=\"color1 icon mdi mdi-approval normal-shape large\"><\/i><\/div>\n<div  class=\"col-sm\" data-type=\"column\">\n<h4  class=\"color-black\">CALIDAD TOTAL<\/h4>\n<p  class=\"\" style=\"text-align: justify;\">Manejamos s\u00f3lo productos de primera calidad para garantizar la satisfacci\u00f3n de nuestros clientes.<\/p>\n\n<\/div>\n<\/div>\n<\/div>\n<\/div>\n<div  class=\"col-sm-6 col-md-4 \">\n<div  class=\"card mdc-elevation--z3 row-card\">\n<div  class=\"row\">\n<div  class=\"col-sm-fit icon-col\"><i  class=\"color1 icon mdi mdi-currency-usd normal-shape large\"><\/i><\/div>\n<div  class=\"col-sm\" data-type=\"column\">\n<h4  class=\"color-black\">LOS MEJORES PRECIOS<\/h4>\n<p  class=\"\" style=\"text-align: justify;\">Trabajamos para que todos tengamos acceso a los productos de importaci\u00f3n a precios accesibles.<\/p>\n\n<\/div>\n<\/div>\n<\/div>\n<\/div>\n<div  class=\"col-sm-6 col-md-4 \">\n<div  class=\"card mdc-elevation--z3 row-card\">\n<div  class=\"row\">\n<div  class=\"col-sm-fit icon-col\"><i  class=\"color1 icon mdi mdi-truck-fast normal-shape large\"><\/i><\/div>\n<div  class=\"col-sm\" data-type=\"column\">\n<h4  class=\"color-black\">EXPERIENCIA<\/h4>\n<p  class=\"\" style=\"text-align: justify;\">Una trayectoria de m\u00e1s de 20 a\u00f1os como importadores nos convierten en los mejores aliados de su negocio.<\/p>\n\n<\/div>\n<\/div>\n<\/div>\n<\/div>\n<\/div>\n<\/div>\n<\/div><!-- \/wp:extendstudio\/materialis--><!-- wp:extendstudio\/materialis--><div  id=\"quienes-somos\" style=\"background-color: #f5fafd; background-image: none;\" data-label=\"Quienes Somos\" data-id=\"content-8-materialis\" data-export-id=\"content-8-materialis\" data-category=\"content\" class=\"content-8m content-section-spacing-large content-section\">\n<div  class=\"gridContainer\">\n<div  class=\"row middle-sm\">\n<div  class=\"col-md-5 col-xs-12 col-sm-6 space-bottom-xs\" data-type=\"column\">\n<h3  class=\"\">Qu\u00edenes somos<\/h3>\n<p  class=\"space-top\" style=\"text-align: justify;\">En Pricemax estamos dedicados a la importaci\u00f3n de productos novedosos y de primera calidad, los cuales comercializamos a los mejores precios del mercado. Tenemos una trayectoria de m\u00e1s de 20 a\u00f1os como importadores de productos del sector de alimentos y nos esforzamos cada d\u00eda por contribuir con eficiencia en la generaci\u00f3n de valor en la cadena de suministro.<\/p>\n\n<\/div>\n<div  class=\"col-md-6 col-md-offset-1 col-xs-12 col-sm-6\"><img decoding=\"async\"  class=\"mdc-elevation--z9 rounded\" src=\"https:\/\/www.pricemax.com.mx\/wp-content\/uploads\/2018\/07\/cropped-bodegas.jpg\"><\/div>\n<\/div>\n<\/div>\n<\/div><!-- \/wp:extendstudio\/materialis--><!-- wp:extendstudio\/materialis--><div  data-label=\"Novedades\" data-id=\"features--1\" data-export-id=\"features-16-card-bordered\" data-category=\"features\" class=\"features-16-card-bordered content-section content-section-spacing-large\" id=\"novedades\" style=\"background-color: #ffffff; background-image: none;\">\n<div  class=\"gridContainer\">\n<div  class=\"row text-center\">\n<div  class=\"section-title-col\" data-type=\"column\">\n<h2  class=\"\">Novedades<\/h2>\n<p  class=\"lead\">Estos son los nuevos productos que ingresaron a nuestro portafolio<\/p>\n\n<\/div>\n<\/div>\n<div  class=\"row spaced-cols content-center-sm\" data-type=\"row\">\n<div  class=\"col-xs-12 col-sm-6 col-md-4\">\n<div  class=\"card mdc-elevation--z3 no-padding y-move\">\n<div  data-type=\"column\" class=\"col-padding-small col-padding-small-xs description-container\">\n\n<a class=\"button blue mdc-ripple-upgraded\" href=\"https:\/\/www.pricemax.com.mx\/index.php\/producto\/aranciata\" target=\"_self\" style=\"--mdc-ripple-fg-size: 160.2px; --mdc-ripple-fg-scale: 2.3844;\" rel=\"noopener\"><img decoding=\"async\"  class=\"custom-image\" src=\"https:\/\/www.pricemax.com.mx\/wp-content\/uploads\/2018\/07\/aranciata1.jpg\"><\/a>\n<h4  class=\"font-500\">Sanpellegrino Aranciata<\/h4>\n<p  class=\"\">La cl\u00e1sica Sanpellegrino sabor a naranja.<\/p>\n<a class=\"button blue mdc-ripple-upgraded\" href=\"https:\/\/www.pricemax.com.mx\/index.php\/producto\/aranciata\" target=\"_self\" data-cp-link=\"1\" style=\"--mdc-ripple-fg-size: 57.3562px; --mdc-ripple-fg-scale: 1.98104;\" rel=\"noopener\">Ver m\u00e1s<\/a>\n\n<\/div>\n<div  data-type=\"column\" class=\"col-padding-small col-padding-small-xs read-more-container\"><\/div>\n<\/div>\n<\/div>\n<div  class=\"col-xs-12 col-sm-6 col-md-4\">\n<div  class=\"card mdc-elevation--z3 no-padding y-move\">\n<div  data-type=\"column\" class=\"col-padding-small col-padding-small-xs description-container\">\n\n<a class=\"button blue mdc-ripple-upgraded\" href=\"https:\/\/www.pricemax.com.mx\/index.php\/producto\/iced-coffee-caramel\" target=\"_self\" style=\"--mdc-ripple-fg-size: 160.2px; --mdc-ripple-fg-scale: 2.3844;\" rel=\"noopener\"><img decoding=\"async\"  class=\"custom-image\" src=\"https:\/\/www.pricemax.com.mx\/wp-content\/uploads\/2018\/07\/maxwell-house-iced-coffe-caramel.jpg\"><\/a>\n<h4  class=\"font-500\">Iced Coffee Caramel<\/h4>\n<p  class=\"\">Caf\u00e9 instant\u00e1neo Maxwell House.<\/p>\n<a class=\"button blue mdc-ripple-upgraded\" href=\"https:\/\/www.pricemax.com.mx\/index.php\/producto\/iced-coffee-caramel\" target=\"_self\" data-cp-link=\"1\" style=\"--mdc-ripple-fg-size: 57.3562px; --mdc-ripple-fg-scale: 1.98104;\" rel=\"noopener\">Ver m\u00e1s<\/a>\n\n<\/div>\n<div  data-type=\"column\" class=\"col-padding-small col-padding-small-xs read-more-container\"><\/div>\n<\/div>\n<\/div>\n<div  class=\"col-xs-12 col-sm-6 col-md-4\">\n<div  class=\"card mdc-elevation--z3 no-padding y-move\">\n<div  data-type=\"column\" class=\"col-padding-small col-padding-small-xs description-container\">\n\n<a class=\"button blue mdc-ripple-upgraded\" href=\"https:\/\/www.pricemax.com.mx\/index.php\/producto\/mio-fit-lemon-lime\" target=\"_self\" style=\"--mdc-ripple-fg-size: 160.2px; --mdc-ripple-fg-scale: 2.3844;\" rel=\"noopener\"><img decoding=\"async\"  class=\"custom-image\" src=\"https:\/\/www.pricemax.com.mx\/wp-content\/uploads\/2018\/07\/mio-fit-lemonlime.jpg\"><\/a>\n<h4  class=\"font-500\">Mio Fit Lemon Lime<\/h4>\n<p  class=\"\">Water Enhancer \u2013 Kraft.<\/p>\n<a class=\"button blue mdc-ripple-upgraded\" href=\"https:\/\/www.pricemax.com.mx\/index.php\/producto\/mio-fit-lemon-lime\" target=\"_self\" data-cp-link=\"1\" style=\"--mdc-ripple-fg-size: 57.3562px; --mdc-ripple-fg-scale: 1.98104;\" rel=\"noopener\">Ver m\u00e1s<\/a>\n\n<\/div>\n<div  data-type=\"column\" class=\"col-padding-small col-padding-small-xs read-more-container\"><\/div>\n<\/div>\n<\/div>\n<\/div>\n<\/div>\n<\/div><!-- \/wp:extendstudio\/materialis--><!-- wp:extendstudio\/materialis--><div  data-label=\"Productos\" data-id=\"portfolio--NaN\" data-export-id=\"portfolio-2-materialis\" data-category=\"portfolio\" class=\"portfolio-2-materialis content-section-spacing-large content-section bg-color-white\" id=\"productos\" style=\"background-image: none; background-color: #f5fafd;\">\n<div  class=\"gridContainer\">\n<div  class=\"row\">\n<div  class=\"section-title-col\" data-type=\"column\">\n<h2  class=\"\">Productos<\/h2>\n<p  class=\"lead\">Tenemos m\u00e1s de 200 referencias de productos novedosos y a los mejores precios del mercado.\nSeleccionamos las mejores marcas, cuyos productos poseen certificaciones de cumplimiento de los m\u00e1s altos est\u00e1ndares internacionales de calidad.<\/p>\n\n<\/div>\n<\/div>\n<div  class=\"row text-left spaced-cols content-center-sm\" data-type=\"row\" data-fixed=\"true\">\n<div  class=\"col-md-4 col-sm-6 col-xs-12\">\n<div  class=\"card mdc-elevation--z3 no-padding\" data-hover-fx=\"portfolio-1\">\n<div  class=\"image\"><a href=\"https:\/\/www.pricemax.com.mx\/index.php\/categoria-producto\/aderezos\" target=\"_self\" rel=\"noopener\"><img decoding=\"async\"  src=\"https:\/\/www.pricemax.com.mx\/wp-content\/uploads\/2018\/07\/cropped-aderezos-4.jpg\" data-size=\"375x220\"><\/a><\/div>\n<div  class=\"text col-padding col-xs-12\">\n<h6  class=\"color4 font-400\"><\/h6>\n<a class=\"h5 font-400\" href=\"https:\/\/www.pricemax.com.mx\/index.php\/categoria-producto\/aderezos\" target=\"_self\" data-cp-link=\"1\" rel=\"noopener\">ADEREZOS<\/a>\n\n<\/div>\n<\/div>\n<\/div>\n<div  class=\"col-md-4 col-sm-6 col-xs-12\">\n<div  class=\"card mdc-elevation--z3 no-padding\" data-hover-fx=\"portfolio-1\">\n<div  class=\"image\"><a class=\"h5 font-400\" href=\"https:\/\/www.pricemax.com.mx\/index.php\/categoria-producto\/bebidas\" target=\"_self\" rel=\"noopener\"><img decoding=\"async\"  src=\"https:\/\/www.pricemax.com.mx\/wp-content\/uploads\/2018\/07\/bebidas-1.jpg\" data-size=\"375x220\"><\/a><\/div>\n<div  class=\"text col-padding col-xs-12\" data-type=\"column\">\n<h6  class=\"color2 font-400\"><\/h6>\n<a class=\"h5 font-400\" href=\"https:\/\/www.pricemax.com.mx\/index.php\/categoria-producto\/bebidas\" target=\"_self\" data-cp-link=\"1\" rel=\"noopener\">BEBIDAS Y REFRESCOS<\/a>\n\n<\/div>\n<\/div>\n<\/div>\n<div  class=\"col-md-4 col-sm-6 col-xs-12\">\n<div  class=\"card mdc-elevation--z3 no-padding\" data-hover-fx=\"portfolio-1\">\n<div  class=\"image\"><a class=\"h5 font-400\" href=\"https:\/\/www.pricemax.com.mx\/index.php\/categoria-producto\/instantaneos\" target=\"_self\" rel=\"noopener\"><img decoding=\"async\"  src=\"https:\/\/www.pricemax.com.mx\/wp-content\/uploads\/2018\/07\/instantaneos.jpg\" data-size=\"375x220\"><\/a><\/div>\n<div  class=\"text col-padding col-xs-12\" data-type=\"column\">\n<h6  class=\"color5 font-400\"><\/h6>\n<a class=\"h5 font-400\" href=\"https:\/\/www.pricemax.com.mx\/index.php\/categoria-producto\/instantaneos\" target=\"_self\" data-cp-link=\"1\" rel=\"noopener\">CAF\u00c9S E INSTANT\u00c1NEOS<\/a>\n\n<\/div>\n<\/div>\n<\/div>\n<div  class=\"col-md-4 col-sm-6 col-xs-12\">\n<div  class=\"card mdc-elevation--z3 no-padding\" data-hover-fx=\"portfolio-1\">\n<div  class=\"image\"><a class=\"h5 font-400\" href=\"https:\/\/www.pricemax.com.mx\/index.php\/categoria-producto\/dulces\" target=\"_self\" rel=\"noopener\"><img decoding=\"async\"  src=\"https:\/\/www.pricemax.com.mx\/wp-content\/uploads\/2018\/07\/dulcesychocolates.jpg\" data-size=\"375x220\"><\/a><\/div>\n<div  class=\"text col-padding col-xs-12\" data-type=\"column\">\n<h6  class=\"color2 font-400\"><\/h6>\n<a class=\"h5 font-400\" href=\"https:\/\/www.pricemax.com.mx\/index.php\/categoria-producto\/dulces\" target=\"_self\" data-cp-link=\"1\" rel=\"noopener\">DULCES Y CHOCOLATES<\/a>\n\n<\/div>\n<\/div>\n<\/div>\n<div  class=\"col-md-4 col-sm-6 col-xs-12\">\n<div  class=\"card mdc-elevation--z3 no-padding\" data-hover-fx=\"portfolio-1\">\n<div  class=\"image\"><a class=\"h5 font-400\" href=\"https:\/\/www.pricemax.com.mx\/index.php\/categoria-producto\/enlatados\" target=\"_self\" rel=\"noopener\"><img decoding=\"async\"  src=\"https:\/\/www.pricemax.com.mx\/wp-content\/uploads\/2018\/07\/enlatados.jpg\" data-size=\"375x220\"><\/a><\/div>\n<div  class=\"text col-padding col-xs-12\" data-type=\"column\">\n<h6  class=\"color4 font-400\"><\/h6>\n<a class=\"h5 font-400\" href=\"https:\/\/www.pricemax.com.mx\/index.php\/categoria-producto\/enlatados\" target=\"_self\" data-cp-link=\"1\" rel=\"noopener\">ENLATADOS<\/a>\n\n<\/div>\n<\/div>\n<\/div>\n<div  class=\"col-md-4 col-sm-6 col-xs-12\">\n<div  class=\"card mdc-elevation--z3 no-padding\" data-hover-fx=\"portfolio-1\">\n<div  class=\"image\"><a class=\"h5 font-400\" href=\"https:\/\/www.pricemax.com.mx\/index.php\/categoria-producto\/galletas\" target=\"_self\" rel=\"noopener\"><img decoding=\"async\"  src=\"https:\/\/www.pricemax.com.mx\/wp-content\/uploads\/2018\/07\/galletas.jpg\" data-size=\"375x220\"><\/a><\/div>\n<div  class=\"text col-padding col-xs-12\" data-type=\"column\">\n<h6  class=\"color5 font-400\"><\/h6>\n<a class=\"h5 font-400\" href=\"https:\/\/www.pricemax.com.mx\/index.php\/categoria-producto\/galletas\" target=\"_self\" data-cp-link=\"1\" rel=\"noopener\">GALLETAS<\/a>\n\n<\/div>\n<\/div>\n<\/div>\n<\/div>\n<\/div>\n<\/div><!-- \/wp:extendstudio\/materialis--><!-- wp:extendstudio\/materialis--><div  id=\"contactos\" data-label=\"Contactos\" data-id=\"contact-1\" data-export-id=\"contact-1\" data-category=\"contact\" class=\"contact-1 content-section content-section-spacing-large content-relative white-text\" data-parallax-depth=\"20\" style=\"background-image: url('https:\/\/www.pricemax.com.mx\/wp-content\/uploads\/2018\/07\/fondo-pricemax.png'); background-size: cover; background-position: center top;\">\n<div  class=\"gridContainer\">\n<div  class=\"row text-center\">\n<div  class=\"section-title-col\" data-type=\"column\">\n<h2  class=\"\">Contactos<\/h2>\n<p  class=\"lead\">Por favor comun\u00edcate con nosotros para tener el gusto de atenderte.<\/p>\n\n<\/div>\n<\/div>\n<div  class=\"row text-center\">\n<div  class=\"col-xs-12 col-sm-8 col-sm-offset-2 contact-form-wrapper inline-info\">\n<div  class=\"card mdc-elevation--z3 col-padding-top\">\n<div  class=\"dark-text\" data-content-shortcode=\"materialis_contact_form shortcode=&quot;contact-form-7 id=&amp;amp;quot;091f985&amp;amp;quot; title=&amp;amp;quot;Contact form 1&amp;amp;quot;&quot;\" data-editable=\"true\">\n<div class=\"wpcf7 no-js\" id=\"wpcf7-f513-o1\" lang=\"en-US\" dir=\"ltr\" data-wpcf7-id=\"513\">\n<div class=\"screen-reader-response\"><p role=\"status\" aria-live=\"polite\" aria-atomic=\"true\"><\/p> <ul><\/ul><\/div>\n<form action=\"\/index.php\/wp-json\/wp\/v2\/pages\/37#wpcf7-f513-o1\" method=\"post\" class=\"wpcf7-form init\" aria-label=\"Contact form\" novalidate=\"novalidate\" data-status=\"init\">\n<div style=\"display: none;\">\n<input type=\"hidden\" name=\"_wpcf7\" value=\"513\" \/>\n<input type=\"hidden\" name=\"_wpcf7_version\" value=\"6.0.1\" \/>\n<input type=\"hidden\" name=\"_wpcf7_locale\" value=\"en_US\" \/>\n<input type=\"hidden\" name=\"_wpcf7_unit_tag\" value=\"wpcf7-f513-o1\" \/>\n<input type=\"hidden\" name=\"_wpcf7_container_post\" value=\"0\" \/>\n<input type=\"hidden\" name=\"_wpcf7_posted_data_hash\" value=\"\" \/>\n<input type=\"hidden\" name=\"_wpcf7_recaptcha_response\" value=\"\" \/>\n<\/div>\n<p><label> Nombres *<br \/>\n<span class=\"wpcf7-form-control-wrap\" data-name=\"your-name\"><input size=\"40\" maxlength=\"400\" class=\"wpcf7-form-control wpcf7-text wpcf7-validates-as-required\" aria-required=\"true\" aria-invalid=\"false\" value=\"\" type=\"text\" name=\"your-name\" \/><\/span> <\/label>\n<\/p>\n<p><label> E-mail *<br \/>\n<span class=\"wpcf7-form-control-wrap\" data-name=\"your-email\"><input size=\"40\" maxlength=\"400\" class=\"wpcf7-form-control wpcf7-email wpcf7-validates-as-required wpcf7-text wpcf7-validates-as-email\" aria-required=\"true\" aria-invalid=\"false\" value=\"\" type=\"email\" name=\"your-email\" \/><\/span> <\/label>\n<\/p>\n<p><label> Asunto<br \/>\n<span class=\"wpcf7-form-control-wrap\" data-name=\"your-subject\"><input size=\"40\" maxlength=\"400\" class=\"wpcf7-form-control wpcf7-text wpcf7-validates-as-required\" aria-required=\"true\" aria-invalid=\"false\" value=\"\" type=\"text\" name=\"your-subject\" \/><\/span> <\/label>\n<\/p>\n<p><label> Mensaje<br \/>\n<span class=\"wpcf7-form-control-wrap\" data-name=\"your-message\"><textarea cols=\"40\" rows=\"10\" maxlength=\"2000\" class=\"wpcf7-form-control wpcf7-textarea wpcf7-validates-as-required\" aria-required=\"true\" aria-invalid=\"false\" name=\"your-message\"><\/textarea><\/span> <\/label>\n<\/p>\n<p><span class=\"wpcf7-form-control-wrap\" data-name=\"checkbox-24\"><span class=\"wpcf7-form-control wpcf7-checkbox wpcf7-validates-as-required\"><span class=\"wpcf7-list-item first last\"><label><input type=\"checkbox\" name=\"checkbox-24[]\" value=\"Acepto la Pol\u00edtica de Privacidad de Datos.\" \/><span class=\"wpcf7-list-item-label\">Acepto la Pol\u00edtica de Privacidad de Datos.<\/span><\/label><\/span><\/span><\/span>\n<\/p>\n<p><input class=\"wpcf7-form-control wpcf7-submit has-spinner\" type=\"submit\" value=\"Enviar\" \/>\n<\/p><p style=\"display: none !important;\" class=\"akismet-fields-container\" data-prefix=\"_wpcf7_ak_\"><label>&#916;<textarea name=\"_wpcf7_ak_hp_textarea\" cols=\"45\" rows=\"8\" maxlength=\"100\"><\/textarea><\/label><input type=\"hidden\" id=\"ak_js_1\" name=\"_wpcf7_ak_js\" value=\"179\"\/><script>document.getElementById( \"ak_js_1\" ).setAttribute( \"value\", ( new Date() ).getTime() );<\/script><\/p><div class=\"wpcf7-response-output\" aria-hidden=\"true\"><\/div>\n<\/form>\n<\/div>\n<\/div>\n<\/div>\n<\/div>\n<\/div>\n<\/div>\n<\/div><!-- \/wp:extendstudio\/materialis--><!-- wp:extendstudio\/materialis--><div  data-label=\"Contact\" data-id=\"contact--NaN\" data-export-id=\"contact-4\" data-category=\"contact\" class=\"contact-4 content-section\" id=\"contact-NaN\" style=\"background-color: rgb(245, 250, 253);\"><div  class=\"\"> <div  class=\"row\"><div  class=\"col-xs-12 no-gutter-col\"> <div  data-content-shortcode=\"materialis_maps zoom=&quot;65&quot; address=&quot;Pricemax, Alce Blanco, 53370 Naucalpan de Ju\u00e1rez, M\u00e9x., Mexico&quot; lng=&quot;-99.226126&quot; lat=&quot;19.475364&quot;\" data-editable=\"true\" class=\"\"><iframe class=\"materialis-google-maps materialis-frame-map\" src=\"https:\/\/maps.google.com\/maps?q=Pricemax, Alce Blanco, 53370 Naucalpan de Ju\u00e1rez, M\u00e9x., Mexico&amp;z=14&amp;t=m&amp;output=embed&amp;iwloc=near\"><\/iframe><\/div><\/div> <\/div><\/div> <\/div><!-- \/wp:extendstudio\/materialis-->","protected":false},"excerpt":{"rendered":"<p>CALIDAD TOTAL Manejamos s\u00f3lo productos de primera calidad para garantizar la satisfacci\u00f3n de nuestros clientes. LOS MEJORES PRECIOS Trabajamos para que todos tengamos acceso a los productos de importaci\u00f3n a precios accesibles. EXPERIENCIA Una trayectoria de m\u00e1s de 20 a\u00f1os como importadores nos convierten en los mejores aliados de su negocio. Qu\u00edenes somos En Pricemax&nbsp;&hellip;<\/p>\n","protected":false},"author":2,"featured_media":0,"parent":0,"menu_order":0,"comment_status":"closed","ping_status":"closed","template":"page-templates\/homepage.php","meta":{"footnotes":""},"class_list":["post-37","page","type-page","status-publish","hentry"],"_links":{"self":[{"href":"https:\/\/www.pricemax.com.mx\/index.php\/wp-json\/wp\/v2\/pages\/37","targetHints":{"allow":["GET"]}}],"collection":[{"href":"https:\/\/www.pricemax.com.mx\/index.php\/wp-json\/wp\/v2\/pages"}],"about":[{"href":"https:\/\/www.pricemax.com.mx\/index.php\/wp-json\/wp\/v2\/types\/page"}],"author":[{"embeddable":true,"href":"https:\/\/www.pricemax.com.mx\/index.php\/wp-json\/wp\/v2\/users\/2"}],"replies":[{"embeddable":true,"href":"https:\/\/www.pricemax.com.mx\/index.php\/wp-json\/wp\/v2\/comments?post=37"}],"version-history":[{"count":122,"href":"https:\/\/www.pricemax.com.mx\/index.php\/wp-json\/wp\/v2\/pages\/37\/revisions"}],"predecessor-version":[{"id":624,"href":"https:\/\/www.pricemax.com.mx\/index.php\/wp-json\/wp\/v2\/pages\/37\/revisions\/624"}],"wp:attachment":[{"href":"https:\/\/www.pricemax.com.mx\/index.php\/wp-json\/wp\/v2\/media?parent=37"}],"curies":[{"name":"wp","href":"https:\/\/api.w.org\/{rel}","templated":true}]}}